{"id":23,"date":"2026-04-23T21:04:41","date_gmt":"2026-04-23T21:04:41","guid":{"rendered":"https:\/\/fotospacerywarszawskie.pl\/?page_id=23"},"modified":"2026-04-23T22:25:43","modified_gmt":"2026-04-23T22:25:43","slug":"portfolio","status":"publish","type":"page","link":"https:\/\/fotospacerywarszawskie.pl\/?page_id=23","title":{"rendered":"PORTFOLIO"},"content":{"rendered":"\n<p>Nasze zadania spacerowe zwykle dziel\u0105 si\u0119 na trzy kategorie:<\/p>\n\n\n\n<p><a href=\"https:\/\/fotospacerywarszawskie.pl\/?page_id=21\" data-type=\"page\" data-id=\"21\">SESJE ZORGANIZOWANE<\/a> &#8211; jeden dzie\u0144, jedno zadanie, tu znajdziesz r\u00f3wnie\u017c portrety<\/p>\n\n\n\n<p><a href=\"https:\/\/fotospacerywarszawskie.pl\/?page_id=32\" data-type=\"page\" data-id=\"32\">PROJEKTY D\u0141UGOFALOWE<\/a> &#8211; materia\u0142y na wystawy, wsp\u00f3\u0142prace z o\u015brodkami miejskimi itp<\/p>\n\n\n\n<p><a href=\"https:\/\/fotospacerywarszawskie.pl\/?page_id=28\" data-type=\"page\" data-id=\"28\">SPACERY I SPONTANICZNE KADRY<\/a><\/p>\n\n\n\n<p><\/p>\n","protected":false},"excerpt":{"rendered":"<p>Nasze zadania spacerowe zwykle dziel\u0105 si\u0119 na trzy kategorie: SESJE ZORGANIZOWANE &#8211; jeden dzie\u0144, jedno zadanie, tu znajdziesz r\u00f3wnie\u017c portrety PROJEKTY D\u0141UGOFALOWE &#8211; materia\u0142y na wystawy, wsp\u00f3\u0142prace z o\u015brodkami miejskimi itp SPACERY I SPONTANICZNE KADRY<\/p>\n","protected":false},"author":1,"featured_media":0,"parent":0,"menu_order":0,"comment_status":"closed","ping_status":"closed","template":"","meta":{"footnotes":""},"class_list":["post-23","page","type-page","status-publish","hentry"],"_links":{"self":[{"href":"https:\/\/fotospacerywarszawskie.pl\/index.php?rest_route=\/wp\/v2\/pages\/23","targetHints":{"allow":["GET"]}}],"collection":[{"href":"https:\/\/fotospacerywarszawskie.pl\/index.php?rest_route=\/wp\/v2\/pages"}],"about":[{"href":"https:\/\/fotospacerywarszawskie.pl\/index.php?rest_route=\/wp\/v2\/types\/page"}],"author":[{"embeddable":true,"href":"https:\/\/fotospacerywarszawskie.pl\/index.php?rest_route=\/wp\/v2\/users\/1"}],"replies":[{"embeddable":true,"href":"https:\/\/fotospacerywarszawskie.pl\/index.php?rest_route=%2Fwp%2Fv2%2Fcomments&post=23"}],"version-history":[{"count":3,"href":"https:\/\/fotospacerywarszawskie.pl\/index.php?rest_route=\/wp\/v2\/pages\/23\/revisions"}],"predecessor-version":[{"id":62,"href":"https:\/\/fotospacerywarszawskie.pl\/index.php?rest_route=\/wp\/v2\/pages\/23\/revisions\/62"}],"wp:attachment":[{"href":"https:\/\/fotospacerywarszawskie.pl\/index.php?rest_route=%2Fwp%2Fv2%2Fmedia&parent=23"}],"curies":[{"name":"wp","href":"https:\/\/api.w.org\/{rel}","templated":true}]}}